{"id":3509,"date":"2020-05-04T16:09:26","date_gmt":"2020-05-04T14:09:26","guid":{"rendered":"https:\/\/www.2cfinance.net\/mentions-legales\/"},"modified":"2025-11-06T18:32:09","modified_gmt":"2025-11-06T17:32:09","slug":"mentions-legales","status":"publish","type":"page","link":"https:\/\/www.2cfinance.net\/en\/mentions-legales\/","title":{"rendered":"Mentions L\u00e9gales"},"content":{"rendered":"\n<p>Raison sociale : 2CFINANCE<\/p>\n\n\n\n<p>Forme juridique : Soci\u00e9t\u00e9 par actions simplifi\u00e9e<\/p>\n\n\n\n<p>Capital social : 952 606,00 \u20ac<\/p>\n\n\n\n<p>SIREN : 979 247 145<\/p>\n\n\n\n<p>Responsable : Benjamin BITTON<\/p>\n\n\n\n<p><br><\/p>\n\n\n\n<p>Conform\u00e9ment \u00e0 la loi n\u00b02004-575 du 21 juin 2004 pour la confiance dans l\u2019\u00e9conomie num\u00e9rique, nous vous informons que le site internet https:\/\/www.2cfinance.net\/&nbsp; est la propri\u00e9t\u00e9 de 2CFinance.<\/p>\n\n\n\n<p>Le site internet https:\/\/www.2cfinance.net\/ a \u00e9t\u00e9 con\u00e7u par la soci\u00e9t\u00e9 eltigre.<\/p>\n\n\n\n<p>Le site internet https:\/\/www.2cfinance.net\/ est h\u00e9berg\u00e9 sur les mat\u00e9riels informatiques de la soci\u00e9t\u00e9 ONLINE SAS : BP\u00a0 438 \u2013 75 366 PARIS CEDEX 08.<\/p>\n\n\n\n<p>Le site https:\/\/www.2cfinance.net\/ est r\u00e9gi par le droit fran\u00e7ais ; les visiteurs ayant acc\u00e8s au site de l\u2019\u00e9tranger<strong>,<\/strong>&nbsp;doivent s\u2019assurer&nbsp; du respect des lois localement applicables.<\/p>\n\n\n\n<p>Les mentions l\u00e9gales pouvant \u00eatre modifi\u00e9es \u00e0 tout moment et sans pr\u00e9avis, nous vous engageons \u00e0 les consulter r\u00e9guli\u00e8rement.<\/p>\n\n\n\n<p><br><\/p>\n\n\n\n<p>Propri\u00e9t\u00e9 intellectuelle<\/p>\n\n\n\n<p>2CFinance d\u00e9tient, se r\u00e9serve et conserve tous les droits de propri\u00e9t\u00e9, notamment intellectuelle, y compris les droits de reproduction sur le pr\u00e9sent site et les \u00e9l\u00e9ments qu\u2019il contient. En cons\u00e9quence toute reproduction partielle ou totale du pr\u00e9sent site et des \u00e9l\u00e9ments qu\u2019il contient est strictement interdite sans autorisation \u00e9crite de 2CFinance.<\/p>\n\n\n\n<p>Les logos et tous autres signes distinctifs contenus sur ce site sont la propri\u00e9t\u00e9 de 2CFinance ou font l\u2019objet d\u2019une autorisation d\u2019utilisation. Aucun droit ou licence ne saurait \u00eatre attribu\u00e9 sur quelconque de ces \u00e9l\u00e9ments sans l\u2019autorisation \u00e9crite de 2CFinance ou du tiers d\u00e9tenteur des droits.<\/p>\n\n\n\n<p><br><\/p>\n\n\n\n<p>Exclusion de garantie et de responsabilit\u00e9<\/p>\n\n\n\n<p>L\u2019utilisateur du site web&nbsp; \u00ab https:\/\/www.2cfinance.net\/ &nbsp;\u00bb reconna\u00eet avoir pris connaissance des pr\u00e9sentes conditions d\u2019utilisation du site et s\u2019engage \u00e0 les respecter.<\/p>\n\n\n\n<p>2CFinance ne saurait \u00eatre tenu pour responsable des dommages directs ou indirects qui pourraient r\u00e9sulter de l\u2019acc\u00e8s au site ou de l\u2019utilisation du site et\/ou de ces informations, y compris l\u2019inaccessibilit\u00e9, les pertes de donn\u00e9es, d\u00e9t\u00e9riorations, destructions ou virus qui pourraient affecter l\u2019\u00e9quipement informatique de l\u2019utilisateur.<br>Bien que 2CFinance s\u2019efforce de fournir un contenu fiable sur son site, il ne garantit pas que son contenu soit exempt d\u2019inexactitudes ou d\u2019omissions et ne saurait \u00eatre tenu pour responsable des erreurs ou omissions, d\u2019une absence de disponibilit\u00e9 des informations et des services. 2CFinance se r\u00e9serve \u00e0 tout moment et sans pr\u00e9avis le droit d\u2019apporter des am\u00e9liorations et\/ou des modifications au contenu de son site. En cons\u00e9quence, l\u2019utilisateur reconna\u00eet se servir de ses informations sous sa responsabilit\u00e9 exclusive.<\/p>\n\n\n\n<p><br><\/p>\n\n\n\n<p>Liens vers d\u2019autres sites<\/p>\n\n\n\n<p>Le site peut inclure des liens vers d\u2019autres sites ou d\u2019autres sources Internet. Dans la mesure o\u00f9 2CFinance ne peut contr\u00f4ler ces sites et ces sources externes, 2CFinance ne peut \u00eatre tenu pour responsable de la mise \u00e0 disposition de ces sites et sources externes, et d\u00e9cline ainsi toute responsabilit\u00e9 quant aux contenus, publicit\u00e9s, produits, services ou tout autre mat\u00e9riel disponible sur ou \u00e0 partir de ces sites ou sources externes. Ces liens sont propos\u00e9s aux utilisateurs du site https:\/\/www.2cfinance.net\/ en tant que service. La d\u00e9cision d\u2019activer les liens vous appartient exclusivement. Nous vous rappelons que les sites non-affili\u00e9s sont soumis \u00e0 leurs propres conditions d\u2019utilisation.<\/p>\n","protected":false},"excerpt":{"rendered":"<p>Raison sociale : 2CFINANCE Forme juridique : Soci\u00e9t\u00e9 par actions simplifi\u00e9e Capital social : 952 606,00 \u20ac SIREN : 979 247 145 Responsable : Benjamin BITTON Conform\u00e9ment \u00e0 la loi n\u00b02004-575 du 21 juin 2004 pour la confiance dans l\u2019\u00e9conomie num\u00e9rique, nous vous informons que le site internet https:\/\/www.2cfinance.net\/&nbsp; est la propri\u00e9t\u00e9 de 2CFinance. Le [&hellip;]<\/p>\n","protected":false},"author":1,"featured_media":0,"parent":0,"menu_order":0,"comment_status":"closed","ping_status":"closed","template":"","meta":{"_acf_changed":false,"content-type":"","inline_featured_image":false,"footnotes":""},"class_list":["post-3509","page","type-page","status-publish","hentry"],"acf":[],"yoast_head":"<!-- This site is optimized with the Yoast SEO plugin v25.3.1 - https:\/\/yoast.com\/wordpress\/plugins\/seo\/ -->\n<title>Mentions L\u00e9gales | 2CFinance<\/title>\n<meta name=\"robots\" content=\"index, follow, max-snippet:-1, max-image-preview:large, max-video-preview:-1\" \/>\n<link rel=\"canonical\" href=\"https:\/\/www.2cfinance.net\/en\/mentions-legales\/\" \/>\n<meta property=\"og:locale\" content=\"en_US\" \/>\n<meta property=\"og:type\" content=\"article\" \/>\n<meta property=\"og:title\" content=\"Mentions L\u00e9gales | 2CFinance\" \/>\n<meta property=\"og:description\" content=\"Raison sociale : 2CFINANCE Forme juridique : Soci\u00e9t\u00e9 par actions simplifi\u00e9e Capital social : 952 606,00 \u20ac SIREN : 979 247 145 Responsable : Benjamin BITTON Conform\u00e9ment \u00e0 la loi n\u00b02004-575 du 21 juin 2004 pour la confiance dans l\u2019\u00e9conomie num\u00e9rique, nous vous informons que le site internet https:\/\/www.2cfinance.net\/&nbsp; est la propri\u00e9t\u00e9 de 2CFinance. Le [&hellip;]\" \/>\n<meta property=\"og:url\" content=\"https:\/\/www.2cfinance.net\/en\/mentions-legales\/\" \/>\n<meta property=\"og:site_name\" content=\"2CFinance\" \/>\n<meta property=\"article:modified_time\" content=\"2025-11-06T17:32:09+00:00\" \/>\n<meta property=\"og:image\" content=\"https:\/\/www.2cfinance.net\/content\/uploads\/2020\/07\/wallpaper_2CF.jpg\" \/>\n\t<meta property=\"og:image:width\" content=\"1536\" \/>\n\t<meta property=\"og:image:height\" content=\"768\" \/>\n\t<meta property=\"og:image:type\" content=\"image\/jpeg\" \/>\n<meta name=\"twitter:card\" content=\"summary_large_image\" \/>\n<meta name=\"twitter:label1\" content=\"Est. reading time\" \/>\n\t<meta name=\"twitter:data1\" content=\"5 minutes\" \/>\n<script type=\"application\/ld+json\" class=\"yoast-schema-graph\">{\"@context\":\"https:\/\/schema.org\",\"@graph\":[{\"@type\":\"WebPage\",\"@id\":\"https:\/\/www.2cfinance.net\/en\/mentions-legales\/\",\"url\":\"https:\/\/www.2cfinance.net\/en\/mentions-legales\/\",\"name\":\"Mentions L\u00e9gales | 2CFinance\",\"isPartOf\":{\"@id\":\"https:\/\/www.2cfinance.net\/en\/#website\"},\"datePublished\":\"2020-05-04T14:09:26+00:00\",\"dateModified\":\"2025-11-06T17:32:09+00:00\",\"breadcrumb\":{\"@id\":\"https:\/\/www.2cfinance.net\/en\/mentions-legales\/#breadcrumb\"},\"inLanguage\":\"en-US\",\"potentialAction\":[{\"@type\":\"ReadAction\",\"target\":[\"https:\/\/www.2cfinance.net\/en\/mentions-legales\/\"]}]},{\"@type\":\"BreadcrumbList\",\"@id\":\"https:\/\/www.2cfinance.net\/en\/mentions-legales\/#breadcrumb\",\"itemListElement\":[{\"@type\":\"ListItem\",\"position\":1,\"name\":\"Accueil\",\"item\":\"https:\/\/www.2cfinance.net\/en\/\"},{\"@type\":\"ListItem\",\"position\":2,\"name\":\"Mentions L\u00e9gales\"}]},{\"@type\":\"WebSite\",\"@id\":\"https:\/\/www.2cfinance.net\/en\/#website\",\"url\":\"https:\/\/www.2cfinance.net\/en\/\",\"name\":\"2CFinance\",\"description\":\"DAF Part Time, CFO, Due Diligence, Conseil Financier, Transaction Services\",\"publisher\":{\"@id\":\"https:\/\/www.2cfinance.net\/en\/#organization\"},\"potentialAction\":[{\"@type\":\"SearchAction\",\"target\":{\"@type\":\"EntryPoint\",\"urlTemplate\":\"https:\/\/www.2cfinance.net\/en\/?s={search_term_string}\"},\"query-input\":{\"@type\":\"PropertyValueSpecification\",\"valueRequired\":true,\"valueName\":\"search_term_string\"}}],\"inLanguage\":\"en-US\"},{\"@type\":\"Organization\",\"@id\":\"https:\/\/www.2cfinance.net\/en\/#organization\",\"name\":\"2cfinance\",\"url\":\"https:\/\/www.2cfinance.net\/en\/\",\"logo\":{\"@type\":\"ImageObject\",\"inLanguage\":\"en-US\",\"@id\":\"https:\/\/www.2cfinance.net\/en\/#\/schema\/logo\/image\/\",\"url\":\"https:\/\/www.2cfinance.net\/content\/uploads\/2020\/04\/cropped-0001.jpg\",\"contentUrl\":\"https:\/\/www.2cfinance.net\/content\/uploads\/2020\/04\/cropped-0001.jpg\",\"width\":1880,\"height\":692,\"caption\":\"2cfinance\"},\"image\":{\"@id\":\"https:\/\/www.2cfinance.net\/en\/#\/schema\/logo\/image\/\"}}]}<\/script>\n<!-- \/ Yoast SEO plugin. -->","yoast_head_json":{"title":"Mentions L\u00e9gales | 2CFinance","robots":{"index":"index","follow":"follow","max-snippet":"max-snippet:-1","max-image-preview":"max-image-preview:large","max-video-preview":"max-video-preview:-1"},"canonical":"https:\/\/www.2cfinance.net\/en\/mentions-legales\/","og_locale":"en_US","og_type":"article","og_title":"Mentions L\u00e9gales | 2CFinance","og_description":"Raison sociale : 2CFINANCE Forme juridique : Soci\u00e9t\u00e9 par actions simplifi\u00e9e Capital social : 952 606,00 \u20ac SIREN : 979 247 145 Responsable : Benjamin BITTON Conform\u00e9ment \u00e0 la loi n\u00b02004-575 du 21 juin 2004 pour la confiance dans l\u2019\u00e9conomie num\u00e9rique, nous vous informons que le site internet https:\/\/www.2cfinance.net\/&nbsp; est la propri\u00e9t\u00e9 de 2CFinance. Le [&hellip;]","og_url":"https:\/\/www.2cfinance.net\/en\/mentions-legales\/","og_site_name":"2CFinance","article_modified_time":"2025-11-06T17:32:09+00:00","og_image":[{"width":1536,"height":768,"url":"https:\/\/www.2cfinance.net\/content\/uploads\/2020\/07\/wallpaper_2CF.jpg","type":"image\/jpeg"}],"twitter_card":"summary_large_image","twitter_misc":{"Est. reading time":"5 minutes"},"schema":{"@context":"https:\/\/schema.org","@graph":[{"@type":"WebPage","@id":"https:\/\/www.2cfinance.net\/en\/mentions-legales\/","url":"https:\/\/www.2cfinance.net\/en\/mentions-legales\/","name":"Mentions L\u00e9gales | 2CFinance","isPartOf":{"@id":"https:\/\/www.2cfinance.net\/en\/#website"},"datePublished":"2020-05-04T14:09:26+00:00","dateModified":"2025-11-06T17:32:09+00:00","breadcrumb":{"@id":"https:\/\/www.2cfinance.net\/en\/mentions-legales\/#breadcrumb"},"inLanguage":"en-US","potentialAction":[{"@type":"ReadAction","target":["https:\/\/www.2cfinance.net\/en\/mentions-legales\/"]}]},{"@type":"BreadcrumbList","@id":"https:\/\/www.2cfinance.net\/en\/mentions-legales\/#breadcrumb","itemListElement":[{"@type":"ListItem","position":1,"name":"Accueil","item":"https:\/\/www.2cfinance.net\/en\/"},{"@type":"ListItem","position":2,"name":"Mentions L\u00e9gales"}]},{"@type":"WebSite","@id":"https:\/\/www.2cfinance.net\/en\/#website","url":"https:\/\/www.2cfinance.net\/en\/","name":"2CFinance","description":"DAF Part Time, CFO, Due Diligence, Conseil Financier, Transaction Services","publisher":{"@id":"https:\/\/www.2cfinance.net\/en\/#organization"},"potentialAction":[{"@type":"SearchAction","target":{"@type":"EntryPoint","urlTemplate":"https:\/\/www.2cfinance.net\/en\/?s={search_term_string}"},"query-input":{"@type":"PropertyValueSpecification","valueRequired":true,"valueName":"search_term_string"}}],"inLanguage":"en-US"},{"@type":"Organization","@id":"https:\/\/www.2cfinance.net\/en\/#organization","name":"2cfinance","url":"https:\/\/www.2cfinance.net\/en\/","logo":{"@type":"ImageObject","inLanguage":"en-US","@id":"https:\/\/www.2cfinance.net\/en\/#\/schema\/logo\/image\/","url":"https:\/\/www.2cfinance.net\/content\/uploads\/2020\/04\/cropped-0001.jpg","contentUrl":"https:\/\/www.2cfinance.net\/content\/uploads\/2020\/04\/cropped-0001.jpg","width":1880,"height":692,"caption":"2cfinance"},"image":{"@id":"https:\/\/www.2cfinance.net\/en\/#\/schema\/logo\/image\/"}}]}},"_links":{"self":[{"href":"https:\/\/www.2cfinance.net\/en\/wp-json\/wp\/v2\/pages\/3509"}],"collection":[{"href":"https:\/\/www.2cfinance.net\/en\/wp-json\/wp\/v2\/pages"}],"about":[{"href":"https:\/\/www.2cfinance.net\/en\/wp-json\/wp\/v2\/types\/page"}],"author":[{"embeddable":true,"href":"https:\/\/www.2cfinance.net\/en\/wp-json\/wp\/v2\/users\/1"}],"replies":[{"embeddable":true,"href":"https:\/\/www.2cfinance.net\/en\/wp-json\/wp\/v2\/comments?post=3509"}],"version-history":[{"count":9,"href":"https:\/\/www.2cfinance.net\/en\/wp-json\/wp\/v2\/pages\/3509\/revisions"}],"predecessor-version":[{"id":15608,"href":"https:\/\/www.2cfinance.net\/en\/wp-json\/wp\/v2\/pages\/3509\/revisions\/15608"}],"wp:attachment":[{"href":"https:\/\/www.2cfinance.net\/en\/wp-json\/wp\/v2\/media?parent=3509"}],"curies":[{"name":"wp","href":"https:\/\/api.w.org\/{rel}","templated":true}]}}