{"id":11781,"date":"2020-04-06T12:05:32","date_gmt":"2020-04-06T10:05:32","guid":{"rendered":"https:\/\/www.2cfinance.net\/blog\/"},"modified":"2023-03-27T13:02:00","modified_gmt":"2023-03-27T11:02:00","slug":"blog","status":"publish","type":"page","link":"https:\/\/www.2cfinance.net\/en\/blog\/","title":{"rendered":"Blog"},"content":{"rendered":"","protected":false},"excerpt":{"rendered":"","protected":false},"author":1,"featured_media":0,"parent":0,"menu_order":0,"comment_status":"closed","ping_status":"closed","template":"templates\/template-blog.php","meta":{"_acf_changed":false,"content-type":"","inline_featured_image":false,"footnotes":""},"class_list":["post-11781","page","type-page","status-publish","hentry"],"acf":[],"yoast_head":"<!-- This site is optimized with the Yoast SEO plugin v25.3.1 - https:\/\/yoast.com\/wordpress\/plugins\/seo\/ -->\n<title>2CFinance - Actualit\u00e9s, d\u00e9partement DAF \/ transaction services<\/title>\n<meta name=\"description\" content=\"Retrouver toutes les actualit\u00e9s du site 2CFinance, nos derni\u00e8res lev\u00e9e de fond, audit, vendor assistance, cession, acquisitions.\" \/>\n<meta name=\"robots\" content=\"index, follow, max-snippet:-1, max-image-preview:large, max-video-preview:-1\" \/>\n<link rel=\"canonical\" href=\"https:\/\/www.2cfinance.net\/en\/blog\/\" \/>\n<meta property=\"og:locale\" content=\"en_US\" \/>\n<meta property=\"og:type\" content=\"article\" \/>\n<meta property=\"og:title\" content=\"2CFinance - Actualit\u00e9s, d\u00e9partement DAF \/ transaction services\" \/>\n<meta property=\"og:description\" content=\"Retrouver toutes les actualit\u00e9s du site 2CFinance, nos derni\u00e8res lev\u00e9e de fond, audit, vendor assistance, cession, acquisitions.\" \/>\n<meta property=\"og:url\" content=\"https:\/\/www.2cfinance.net\/en\/blog\/\" \/>\n<meta property=\"og:site_name\" content=\"2CFinance\" \/>\n<meta property=\"article:modified_time\" content=\"2023-03-27T11:02:00+00:00\" \/>\n<meta property=\"og:image\" content=\"https:\/\/www.2cfinance.net\/content\/uploads\/2020\/07\/wallpaper_2CF.jpg\" \/>\n\t<meta property=\"og:image:width\" content=\"1536\" \/>\n\t<meta property=\"og:image:height\" content=\"768\" \/>\n\t<meta property=\"og:image:type\" content=\"image\/jpeg\" \/>\n<meta name=\"twitter:card\" content=\"summary_large_image\" \/>\n<script type=\"application\/ld+json\" class=\"yoast-schema-graph\">{\"@context\":\"https:\/\/schema.org\",\"@graph\":[{\"@type\":\"WebPage\",\"@id\":\"https:\/\/www.2cfinance.net\/en\/blog\/\",\"url\":\"https:\/\/www.2cfinance.net\/en\/blog\/\",\"name\":\"2CFinance - Actualit\u00e9s, d\u00e9partement DAF \/ transaction services\",\"isPartOf\":{\"@id\":\"https:\/\/www.2cfinance.net\/en\/#website\"},\"datePublished\":\"2020-04-06T10:05:32+00:00\",\"dateModified\":\"2023-03-27T11:02:00+00:00\",\"description\":\"Retrouver toutes les actualit\u00e9s du site 2CFinance, nos derni\u00e8res lev\u00e9e de fond, audit, vendor assistance, cession, acquisitions.\",\"breadcrumb\":{\"@id\":\"https:\/\/www.2cfinance.net\/en\/blog\/#breadcrumb\"},\"inLanguage\":\"en-US\",\"potentialAction\":[{\"@type\":\"ReadAction\",\"target\":[\"https:\/\/www.2cfinance.net\/en\/blog\/\"]}]},{\"@type\":\"BreadcrumbList\",\"@id\":\"https:\/\/www.2cfinance.net\/en\/blog\/#breadcrumb\",\"itemListElement\":[{\"@type\":\"ListItem\",\"position\":1,\"name\":\"Accueil\",\"item\":\"https:\/\/www.2cfinance.net\/en\/\"},{\"@type\":\"ListItem\",\"position\":2,\"name\":\"Blog\"}]},{\"@type\":\"WebSite\",\"@id\":\"https:\/\/www.2cfinance.net\/en\/#website\",\"url\":\"https:\/\/www.2cfinance.net\/en\/\",\"name\":\"2CFinance\",\"description\":\"DAF Part Time, CFO, Due Diligence, Conseil Financier, Transaction Services\",\"publisher\":{\"@id\":\"https:\/\/www.2cfinance.net\/en\/#organization\"},\"potentialAction\":[{\"@type\":\"SearchAction\",\"target\":{\"@type\":\"EntryPoint\",\"urlTemplate\":\"https:\/\/www.2cfinance.net\/en\/?s={search_term_string}\"},\"query-input\":{\"@type\":\"PropertyValueSpecification\",\"valueRequired\":true,\"valueName\":\"search_term_string\"}}],\"inLanguage\":\"en-US\"},{\"@type\":\"Organization\",\"@id\":\"https:\/\/www.2cfinance.net\/en\/#organization\",\"name\":\"2cfinance\",\"url\":\"https:\/\/www.2cfinance.net\/en\/\",\"logo\":{\"@type\":\"ImageObject\",\"inLanguage\":\"en-US\",\"@id\":\"https:\/\/www.2cfinance.net\/en\/#\/schema\/logo\/image\/\",\"url\":\"https:\/\/www.2cfinance.net\/content\/uploads\/2020\/04\/cropped-0001.jpg\",\"contentUrl\":\"https:\/\/www.2cfinance.net\/content\/uploads\/2020\/04\/cropped-0001.jpg\",\"width\":1880,\"height\":692,\"caption\":\"2cfinance\"},\"image\":{\"@id\":\"https:\/\/www.2cfinance.net\/en\/#\/schema\/logo\/image\/\"}}]}<\/script>\n<!-- \/ Yoast SEO plugin. -->","yoast_head_json":{"title":"2CFinance - Actualit\u00e9s, d\u00e9partement DAF \/ transaction services","description":"Retrouver toutes les actualit\u00e9s du site 2CFinance, nos derni\u00e8res lev\u00e9e de fond, audit, vendor assistance, cession, acquisitions.","robots":{"index":"index","follow":"follow","max-snippet":"max-snippet:-1","max-image-preview":"max-image-preview:large","max-video-preview":"max-video-preview:-1"},"canonical":"https:\/\/www.2cfinance.net\/en\/blog\/","og_locale":"en_US","og_type":"article","og_title":"2CFinance - Actualit\u00e9s, d\u00e9partement DAF \/ transaction services","og_description":"Retrouver toutes les actualit\u00e9s du site 2CFinance, nos derni\u00e8res lev\u00e9e de fond, audit, vendor assistance, cession, acquisitions.","og_url":"https:\/\/www.2cfinance.net\/en\/blog\/","og_site_name":"2CFinance","article_modified_time":"2023-03-27T11:02:00+00:00","og_image":[{"width":1536,"height":768,"url":"https:\/\/www.2cfinance.net\/content\/uploads\/2020\/07\/wallpaper_2CF.jpg","type":"image\/jpeg"}],"twitter_card":"summary_large_image","schema":{"@context":"https:\/\/schema.org","@graph":[{"@type":"WebPage","@id":"https:\/\/www.2cfinance.net\/en\/blog\/","url":"https:\/\/www.2cfinance.net\/en\/blog\/","name":"2CFinance - Actualit\u00e9s, d\u00e9partement DAF \/ transaction services","isPartOf":{"@id":"https:\/\/www.2cfinance.net\/en\/#website"},"datePublished":"2020-04-06T10:05:32+00:00","dateModified":"2023-03-27T11:02:00+00:00","description":"Retrouver toutes les actualit\u00e9s du site 2CFinance, nos derni\u00e8res lev\u00e9e de fond, audit, vendor assistance, cession, acquisitions.","breadcrumb":{"@id":"https:\/\/www.2cfinance.net\/en\/blog\/#breadcrumb"},"inLanguage":"en-US","potentialAction":[{"@type":"ReadAction","target":["https:\/\/www.2cfinance.net\/en\/blog\/"]}]},{"@type":"BreadcrumbList","@id":"https:\/\/www.2cfinance.net\/en\/blog\/#breadcrumb","itemListElement":[{"@type":"ListItem","position":1,"name":"Accueil","item":"https:\/\/www.2cfinance.net\/en\/"},{"@type":"ListItem","position":2,"name":"Blog"}]},{"@type":"WebSite","@id":"https:\/\/www.2cfinance.net\/en\/#website","url":"https:\/\/www.2cfinance.net\/en\/","name":"2CFinance","description":"DAF Part Time, CFO, Due Diligence, Conseil Financier, Transaction Services","publisher":{"@id":"https:\/\/www.2cfinance.net\/en\/#organization"},"potentialAction":[{"@type":"SearchAction","target":{"@type":"EntryPoint","urlTemplate":"https:\/\/www.2cfinance.net\/en\/?s={search_term_string}"},"query-input":{"@type":"PropertyValueSpecification","valueRequired":true,"valueName":"search_term_string"}}],"inLanguage":"en-US"},{"@type":"Organization","@id":"https:\/\/www.2cfinance.net\/en\/#organization","name":"2cfinance","url":"https:\/\/www.2cfinance.net\/en\/","logo":{"@type":"ImageObject","inLanguage":"en-US","@id":"https:\/\/www.2cfinance.net\/en\/#\/schema\/logo\/image\/","url":"https:\/\/www.2cfinance.net\/content\/uploads\/2020\/04\/cropped-0001.jpg","contentUrl":"https:\/\/www.2cfinance.net\/content\/uploads\/2020\/04\/cropped-0001.jpg","width":1880,"height":692,"caption":"2cfinance"},"image":{"@id":"https:\/\/www.2cfinance.net\/en\/#\/schema\/logo\/image\/"}}]}},"_links":{"self":[{"href":"https:\/\/www.2cfinance.net\/en\/wp-json\/wp\/v2\/pages\/11781"}],"collection":[{"href":"https:\/\/www.2cfinance.net\/en\/wp-json\/wp\/v2\/pages"}],"about":[{"href":"https:\/\/www.2cfinance.net\/en\/wp-json\/wp\/v2\/types\/page"}],"author":[{"embeddable":true,"href":"https:\/\/www.2cfinance.net\/en\/wp-json\/wp\/v2\/users\/1"}],"replies":[{"embeddable":true,"href":"https:\/\/www.2cfinance.net\/en\/wp-json\/wp\/v2\/comments?post=11781"}],"version-history":[{"count":4,"href":"https:\/\/www.2cfinance.net\/en\/wp-json\/wp\/v2\/pages\/11781\/revisions"}],"predecessor-version":[{"id":11798,"href":"https:\/\/www.2cfinance.net\/en\/wp-json\/wp\/v2\/pages\/11781\/revisions\/11798"}],"wp:attachment":[{"href":"https:\/\/www.2cfinance.net\/en\/wp-json\/wp\/v2\/media?parent=11781"}],"curies":[{"name":"wp","href":"https:\/\/api.w.org\/{rel}","templated":true}]}}